{"id":2464,"date":"2023-08-18T09:30:10","date_gmt":"2023-08-18T07:30:10","guid":{"rendered":"http:\/\/dezat.iti-conseil.com\/sancerre-white-silex\/"},"modified":"2023-11-03T11:03:01","modified_gmt":"2023-11-03T10:03:01","slug":"sancerre-white-silex","status":"publish","type":"page","link":"https:\/\/www.domaine-dezat.com\/en\/sancerre-white-silex\/","title":{"rendered":"Sancerre White Silex"},"content":{"rendered":"\t\t<div data-elementor-type=\"wp-page\" data-elementor-id=\"2464\" class=\"elementor elementor-2464 elementor-1834\" data-elementor-post-type=\"page\">\n\t\t\t\t<div class=\"elementor-element elementor-element-f492257 e-flex e-con-boxed e-con e-parent\" data-id=\"f492257\" data-element_type=\"container\" data-e-type=\"container\" data-settings=\"{&quot;background_background&quot;:&quot;classic&quot;}\">\n\t\t\t\t\t<div class=\"e-con-inner\">\n\t\t\t\t<div class=\"elementor-element elementor-element-b5774ac elementor-widget__width-auto elementor-widget elementor-widget-theme-site-logo elementor-widget-image\" data-id=\"b5774ac\" data-element_type=\"widget\" data-e-type=\"widget\" data-widget_type=\"theme-site-logo.default\">\n\t\t\t\t<div class=\"elementor-widget-container\">\n\t\t\t\t\t\t\t\t\t\t\t<a href=\"https:\/\/www.domaine-dezat.com\/en\/\">\n\t\t\t<img fetchpriority=\"high\" decoding=\"async\" width=\"452\" height=\"559\" src=\"https:\/\/www.domaine-dezat.com\/wp-content\/uploads\/2023\/03\/dezat-02.png\" class=\"attachment-full size-full wp-image-223\" alt=\"\" srcset=\"https:\/\/www.domaine-dezat.com\/wp-content\/uploads\/2023\/03\/dezat-02.png 452w, https:\/\/www.domaine-dezat.com\/wp-content\/uploads\/2023\/03\/dezat-02-243x300.png 243w\" sizes=\"(max-width: 452px) 100vw, 452px\" \/>\t\t\t\t<\/a>\n\t\t\t\t\t\t\t\t\t\t\t<\/div>\n\t\t\t\t<\/div>\n\t\t\t\t\t<\/div>\n\t\t\t\t<\/div>\n\t\t\t\t<section class=\"elementor-section elementor-top-section elementor-element elementor-element-3a93bff elementor-section-boxed elementor-section-height-default elementor-section-height-default\" data-id=\"3a93bff\" data-element_type=\"section\" data-e-type=\"section\">\n\t\t\t\t\t\t<div class=\"elementor-container elementor-column-gap-default\">\n\t\t\t\t\t<div class=\"elementor-column elementor-col-50 elementor-top-column elementor-element elementor-element-7edc1ab\" data-id=\"7edc1ab\" data-element_type=\"column\" data-e-type=\"column\" data-settings=\"{&quot;background_background&quot;:&quot;classic&quot;}\">\n\t\t\t<div class=\"elementor-widget-wrap elementor-element-populated\">\n\t\t\t\t\t\t<div class=\"elementor-element elementor-element-2a3d20d elementor-widget elementor-widget-image\" data-id=\"2a3d20d\" data-element_type=\"widget\" data-e-type=\"widget\" data-widget_type=\"image.default\">\n\t\t\t\t<div class=\"elementor-widget-container\">\n\t\t\t\t\t\t\t\t\t\t\t\t\t\t\t<img decoding=\"async\" width=\"684\" height=\"1024\" src=\"https:\/\/www.domaine-dezat.com\/wp-content\/uploads\/2023\/11\/Sancerre-Silex-scaled-1-684x1024.png\" class=\"attachment-large size-large wp-image-2568\" alt=\"\" srcset=\"https:\/\/www.domaine-dezat.com\/wp-content\/uploads\/2023\/11\/Sancerre-Silex-scaled-1-684x1024.png 684w, https:\/\/www.domaine-dezat.com\/wp-content\/uploads\/2023\/11\/Sancerre-Silex-scaled-1-200x300.png 200w, https:\/\/www.domaine-dezat.com\/wp-content\/uploads\/2023\/11\/Sancerre-Silex-scaled-1-768x1150.png 768w, https:\/\/www.domaine-dezat.com\/wp-content\/uploads\/2023\/11\/Sancerre-Silex-scaled-1-1025x1536.png 1025w, https:\/\/www.domaine-dezat.com\/wp-content\/uploads\/2023\/11\/Sancerre-Silex-scaled-1-1367x2048.png 1367w, https:\/\/www.domaine-dezat.com\/wp-content\/uploads\/2023\/11\/Sancerre-Silex-scaled-1.png 1709w\" sizes=\"(max-width: 684px) 100vw, 684px\" \/>\t\t\t\t\t\t\t\t\t\t\t\t\t\t\t<\/div>\n\t\t\t\t<\/div>\n\t\t\t\t\t<\/div>\n\t\t<\/div>\n\t\t\t\t<div class=\"elementor-column elementor-col-50 elementor-top-column elementor-element elementor-element-3678dec\" data-id=\"3678dec\" data-element_type=\"column\" data-e-type=\"column\">\n\t\t\t<div class=\"elementor-widget-wrap elementor-element-populated\">\n\t\t\t\t\t\t<div class=\"elementor-element elementor-element-83a1cf3 elementor-hidden-mobile elementor-widget elementor-widget-button\" data-id=\"83a1cf3\" data-element_type=\"widget\" data-e-type=\"widget\" data-widget_type=\"button.default\">\n\t\t\t\t<div class=\"elementor-widget-container\">\n\t\t\t\t\t\t\t\t\t<div class=\"elementor-button-wrapper\">\n\t\t\t\t\t<a class=\"elementor-button elementor-button-link elementor-size-sm\" href=\"https:\/\/www.domaine-dezat.com\/en\/our-wines\/\">\n\t\t\t\t\t\t<span class=\"elementor-button-content-wrapper\">\n\t\t\t\t\t\t<span class=\"elementor-button-icon\">\n\t\t\t\t<svg aria-hidden=\"true\" class=\"e-font-icon-svg e-far-arrow-alt-circle-left\" viewBox=\"0 0 512 512\" xmlns=\"http:\/\/www.w3.org\/2000\/svg\"><path d=\"M8 256c0 137 111 248 248 248s248-111 248-248S393 8 256 8 8 119 8 256zm448 0c0 110.5-89.5 200-200 200S56 366.5 56 256 145.5 56 256 56s200 89.5 200 200zm-72-20v40c0 6.6-5.4 12-12 12H256v67c0 10.7-12.9 16-20.5 8.5l-99-99c-4.7-4.7-4.7-12.3 0-17l99-99c7.6-7.6 20.5-2.2 20.5 8.5v67h116c6.6 0 12 5.4 12 12z\"><\/path><\/svg>\t\t\t<\/span>\n\t\t\t\t\t\t\t\t\t<span class=\"elementor-button-text\">BACK<\/span>\n\t\t\t\t\t<\/span>\n\t\t\t\t\t<\/a>\n\t\t\t\t<\/div>\n\t\t\t\t\t\t\t\t<\/div>\n\t\t\t\t<\/div>\n\t\t\t\t<div class=\"elementor-element elementor-element-4d25b25 elementor-widget elementor-widget-heading\" data-id=\"4d25b25\" data-element_type=\"widget\" data-e-type=\"widget\" data-widget_type=\"heading.default\">\n\t\t\t\t<div class=\"elementor-widget-container\">\n\t\t\t\t\t<h2 class=\"elementor-heading-title elementor-size-default\">Sauvignon Blanc<\/h2>\t\t\t\t<\/div>\n\t\t\t\t<\/div>\n\t\t\t\t<div class=\"elementor-element elementor-element-85d7305 elementor-widget elementor-widget-text-editor\" data-id=\"85d7305\" data-element_type=\"widget\" data-e-type=\"widget\" data-widget_type=\"text-editor.default\">\n\t\t\t\t<div class=\"elementor-widget-container\">\n\t\t\t\t\t\t\t\t\t<p><span style=\"font-weight: 400;\"><strong>This single-terroir cuv\u00e9e is made 100% from flint-based soils<\/strong>, the most prized sector in the Sancerre region, on our Crot \u00e0 l&#8217;\u00c2ne plot to the south of Sancerre. Thanks to precise vinification, it offers exactly what we&#8217;re looking for from this terroir: vivacity with wonderful mineral character, that typical &#8216;gun flint&#8217; quality, plus remarkable length on the palate. It is sure to delight wine-lovers as an accompaniment to seafood or fish, but you can just as easily choose to enjoy it on its own.<\/span><\/p>\n\t\t\t\t\t\t\t\t<\/div>\n\t\t\t\t<\/div>\n\t\t\t\t<div class=\"elementor-element elementor-element-7ce7cd6 elementor-align-start elementor-icon-list--layout-traditional elementor-list-item-link-full_width elementor-widget elementor-widget-icon-list\" data-id=\"7ce7cd6\" data-element_type=\"widget\" data-e-type=\"widget\" data-widget_type=\"icon-list.default\">\n\t\t\t\t<div class=\"elementor-widget-container\">\n\t\t\t\t\t\t\t<ul class=\"elementor-icon-list-items\">\n\t\t\t\t\t\t\t<li class=\"elementor-icon-list-item\">\n\t\t\t\t\t\t\t\t\t\t\t<span class=\"elementor-icon-list-icon\">\n\t\t\t\t\t\t\t<svg aria-hidden=\"true\" class=\"e-font-icon-svg e-fas-temperature-low\" viewBox=\"0 0 512 512\" xmlns=\"http:\/\/www.w3.org\/2000\/svg\"><path d=\"M416 0c-52.9 0-96 43.1-96 96s43.1 96 96 96 96-43.1 96-96-43.1-96-96-96zm0 128c-17.7 0-32-14.3-32-32s14.3-32 32-32 32 14.3 32 32-14.3 32-32 32zm-160-16C256 50.1 205.9 0 144 0S32 50.1 32 112v166.5C12.3 303.2 0 334 0 368c0 79.5 64.5 144 144 144s144-64.5 144-144c0-34-12.3-64.9-32-89.5V112zM144 448c-44.1 0-80-35.9-80-80 0-25.5 12.2-48.9 32-63.8V112c0-26.5 21.5-48 48-48s48 21.5 48 48v192.2c19.8 14.8 32 38.3 32 63.8 0 44.1-35.9 80-80 80zm16-125.1V304c0-8.8-7.2-16-16-16s-16 7.2-16 16v18.9c-18.6 6.6-32 24.2-32 45.1 0 26.5 21.5 48 48 48s48-21.5 48-48c0-20.9-13.4-38.5-32-45.1z\"><\/path><\/svg>\t\t\t\t\t\t<\/span>\n\t\t\t\t\t\t\t\t\t\t<span class=\"elementor-icon-list-text\">Serve at 10\u00b0C to 12\u00b0C<\/span>\n\t\t\t\t\t\t\t\t\t<\/li>\n\t\t\t\t\t\t\t\t<li class=\"elementor-icon-list-item\">\n\t\t\t\t\t\t\t\t\t\t\t<span class=\"elementor-icon-list-icon\">\n\t\t\t\t\t\t\t<svg aria-hidden=\"true\" class=\"e-font-icon-svg e-fas-wine-glass-alt\" viewBox=\"0 0 288 512\" xmlns=\"http:\/\/www.w3.org\/2000\/svg\"><path d=\"M216 464h-40V346.81c68.47-15.89 118.05-79.91 111.4-154.16l-15.95-178.1C270.71 6.31 263.9 0 255.74 0H32.26c-8.15 0-14.97 6.31-15.7 14.55L.6 192.66C-6.05 266.91 43.53 330.93 112 346.82V464H72c-22.09 0-40 17.91-40 40 0 4.42 3.58 8 8 8h208c4.42 0 8-3.58 8-8 0-22.09-17.91-40-40-40zM61.75 48h164.5l7.17 80H54.58l7.17-80z\"><\/path><\/svg>\t\t\t\t\t\t<\/span>\n\t\t\t\t\t\t\t\t\t\t<span class=\"elementor-icon-list-text\">Cellar ageing: 3 to 6 years<\/span>\n\t\t\t\t\t\t\t\t\t<\/li>\n\t\t\t\t\t\t<\/ul>\n\t\t\t\t\t\t<\/div>\n\t\t\t\t<\/div>\n\t\t\t\t<div class=\"elementor-element elementor-element-ab2126a elementor-hidden-desktop elementor-hidden-tablet elementor-hidden-mobile elementor-widget elementor-widget-button\" data-id=\"ab2126a\" data-element_type=\"widget\" data-e-type=\"widget\" data-widget_type=\"button.default\">\n\t\t\t\t<div class=\"elementor-widget-container\">\n\t\t\t\t\t\t\t\t\t<div class=\"elementor-button-wrapper\">\n\t\t\t\t\t<a class=\"elementor-button elementor-button-link elementor-size-md\" href=\"https:\/\/www.domaine-dezat.com\/wp-content\/uploads\/2023\/06\/Fiche-Sancerre-Blanc.pdf\">\n\t\t\t\t\t\t<span class=\"elementor-button-content-wrapper\">\n\t\t\t\t\t\t<span class=\"elementor-button-icon\">\n\t\t\t\t<svg aria-hidden=\"true\" class=\"e-font-icon-svg e-fas-file-pdf\" viewBox=\"0 0 384 512\" xmlns=\"http:\/\/www.w3.org\/2000\/svg\"><path d=\"M181.9 256.1c-5-16-4.9-46.9-2-46.9 8.4 0 7.6 36.9 2 46.9zm-1.7 47.2c-7.7 20.2-17.3 43.3-28.4 62.7 18.3-7 39-17.2 62.9-21.9-12.7-9.6-24.9-23.4-34.5-40.8zM86.1 428.1c0 .8 13.2-5.4 34.9-40.2-6.7 6.3-29.1 24.5-34.9 40.2zM248 160h136v328c0 13.3-10.7 24-24 24H24c-13.3 0-24-10.7-24-24V24C0 10.7 10.7 0 24 0h200v136c0 13.2 10.8 24 24 24zm-8 171.8c-20-12.2-33.3-29-42.7-53.8 4.5-18.5 11.6-46.6 6.2-64.2-4.7-29.4-42.4-26.5-47.8-6.8-5 18.3-.4 44.1 8.1 77-11.6 27.6-28.7 64.6-40.8 85.8-.1 0-.1.1-.2.1-27.1 13.9-73.6 44.5-54.5 68 5.6 6.9 16 10 21.5 10 17.9 0 35.7-18 61.1-61.8 25.8-8.5 54.1-19.1 79-23.2 21.7 11.8 47.1 19.5 64 19.5 29.2 0 31.2-32 19.7-43.4-13.9-13.6-54.3-9.7-73.6-7.2zM377 105L279 7c-4.5-4.5-10.6-7-17-7h-6v128h128v-6.1c0-6.3-2.5-12.4-7-16.9zm-74.1 255.3c4.1-2.7-2.5-11.9-42.8-9 37.1 15.8 42.8 9 42.8 9z\"><\/path><\/svg>\t\t\t<\/span>\n\t\t\t\t\t\t\t\t\t<span class=\"elementor-button-text\"> DATA SHEET<\/span>\n\t\t\t\t\t<\/span>\n\t\t\t\t\t<\/a>\n\t\t\t\t<\/div>\n\t\t\t\t\t\t\t\t<\/div>\n\t\t\t\t<\/div>\n\t\t\t\t<section class=\"elementor-section elementor-inner-section elementor-element elementor-element-19f4e99 elementor-section-boxed elementor-section-height-default elementor-section-height-default\" data-id=\"19f4e99\" data-element_type=\"section\" data-e-type=\"section\">\n\t\t\t\t\t\t<div class=\"elementor-container elementor-column-gap-default\">\n\t\t\t\t\t<div class=\"elementor-column elementor-col-100 elementor-inner-column elementor-element elementor-element-db5210d\" data-id=\"db5210d\" data-element_type=\"column\" data-e-type=\"column\">\n\t\t\t<div class=\"elementor-widget-wrap elementor-element-populated\">\n\t\t\t\t\t\t<div class=\"elementor-element elementor-element-0b8bbf9 elementor-mobile-align-center elementor-widget__width-auto elementor-widget-mobile__width-inherit elementor-widget elementor-widget-button\" data-id=\"0b8bbf9\" data-element_type=\"widget\" data-e-type=\"widget\" data-widget_type=\"button.default\">\n\t\t\t\t<div class=\"elementor-widget-container\">\n\t\t\t\t\t\t\t\t\t<div class=\"elementor-button-wrapper\">\n\t\t\t\t\t<a class=\"elementor-button elementor-button-link elementor-size-sm\" href=\"https:\/\/www.domaine-dezat.com\/en\/contact\/\">\n\t\t\t\t\t\t<span class=\"elementor-button-content-wrapper\">\n\t\t\t\t\t\t\t\t\t<span class=\"elementor-button-text\">CONTACT US<\/span>\n\t\t\t\t\t<\/span>\n\t\t\t\t\t<\/a>\n\t\t\t\t<\/div>\n\t\t\t\t\t\t\t\t<\/div>\n\t\t\t\t<\/div>\n\t\t\t\t\t<\/div>\n\t\t<\/div>\n\t\t\t\t\t<\/div>\n\t\t<\/section>\n\t\t\t\t\t<\/div>\n\t\t<\/div>\n\t\t\t\t\t<\/div>\n\t\t<\/section>\n\t\t\t\t<\/div>\n\t\t","protected":false},"excerpt":{"rendered":"<p>BACK Sauvignon Blanc This single-terroir cuv\u00e9e is made 100% from flint-based soils, the most prized sector in the Sancerre region, on our Crot \u00e0 l&#8217;\u00c2ne plot to the south of Sancerre. Thanks to precise vinification, it offers exactly what we&#8217;re looking for from this terroir: vivacity with wonderful mineral character, that typical &#8216;gun flint&#8217; quality, [&hellip;]<\/p>\n","protected":false},"author":1,"featured_media":0,"parent":0,"menu_order":0,"comment_status":"closed","ping_status":"closed","template":"elementor_header_footer","meta":{"footnotes":""},"class_list":["post-2464","page","type-page","status-publish","hentry"],"yoast_head":"<!-- This site is optimized with the Yoast SEO plugin v26.9 - https:\/\/yoast.com\/product\/yoast-seo-wordpress\/ -->\n<title>Sancerre White Silex - Domaine Dezat<\/title>\n<meta name=\"robots\" content=\"index, follow, max-snippet:-1, max-image-preview:large, max-video-preview:-1\" \/>\n<link rel=\"canonical\" href=\"https:\/\/www.domaine-dezat.com\/en\/sancerre-white-silex\/\" \/>\n<meta property=\"og:locale\" content=\"en_US\" \/>\n<meta property=\"og:type\" content=\"article\" \/>\n<meta property=\"og:title\" content=\"Sancerre White Silex - Domaine Dezat\" \/>\n<meta property=\"og:description\" content=\"BACK Sauvignon Blanc This single-terroir cuv\u00e9e is made 100% from flint-based soils, the most prized sector in the Sancerre region, on our Crot \u00e0 l&#8217;\u00c2ne plot to the south of Sancerre. Thanks to precise vinification, it offers exactly what we&#8217;re looking for from this terroir: vivacity with wonderful mineral character, that typical &#8216;gun flint&#8217; quality, [&hellip;]\" \/>\n<meta property=\"og:url\" content=\"https:\/\/www.domaine-dezat.com\/en\/sancerre-white-silex\/\" \/>\n<meta property=\"og:site_name\" content=\"Domaine Dezat\" \/>\n<meta property=\"article:modified_time\" content=\"2023-11-03T10:03:01+00:00\" \/>\n<meta property=\"og:image\" content=\"https:\/\/www.domaine-dezat.com\/wp-content\/uploads\/2023\/11\/Sancerre-Silex-scaled-1-684x1024.png\" \/>\n<meta name=\"twitter:card\" content=\"summary_large_image\" \/>\n<meta name=\"twitter:label1\" content=\"Est. reading time\" \/>\n\t<meta name=\"twitter:data1\" content=\"1 minute\" \/>\n<script type=\"application\/ld+json\" class=\"yoast-schema-graph\">{\"@context\":\"https:\/\/schema.org\",\"@graph\":[{\"@type\":\"WebPage\",\"@id\":\"https:\/\/www.domaine-dezat.com\/en\/sancerre-white-silex\/\",\"url\":\"https:\/\/www.domaine-dezat.com\/en\/sancerre-white-silex\/\",\"name\":\"Sancerre White Silex - Domaine Dezat\",\"isPartOf\":{\"@id\":\"https:\/\/www.domaine-dezat.com\/#website\"},\"primaryImageOfPage\":{\"@id\":\"https:\/\/www.domaine-dezat.com\/en\/sancerre-white-silex\/#primaryimage\"},\"image\":{\"@id\":\"https:\/\/www.domaine-dezat.com\/en\/sancerre-white-silex\/#primaryimage\"},\"thumbnailUrl\":\"https:\/\/www.domaine-dezat.com\/wp-content\/uploads\/2023\/11\/Sancerre-Silex-scaled-1-684x1024.png\",\"datePublished\":\"2023-08-18T07:30:10+00:00\",\"dateModified\":\"2023-11-03T10:03:01+00:00\",\"breadcrumb\":{\"@id\":\"https:\/\/www.domaine-dezat.com\/en\/sancerre-white-silex\/#breadcrumb\"},\"inLanguage\":\"en-US\",\"potentialAction\":[{\"@type\":\"ReadAction\",\"target\":[\"https:\/\/www.domaine-dezat.com\/en\/sancerre-white-silex\/\"]}]},{\"@type\":\"ImageObject\",\"inLanguage\":\"en-US\",\"@id\":\"https:\/\/www.domaine-dezat.com\/en\/sancerre-white-silex\/#primaryimage\",\"url\":\"https:\/\/www.domaine-dezat.com\/wp-content\/uploads\/2023\/11\/Sancerre-Silex-scaled-1-684x1024.png\",\"contentUrl\":\"https:\/\/www.domaine-dezat.com\/wp-content\/uploads\/2023\/11\/Sancerre-Silex-scaled-1-684x1024.png\"},{\"@type\":\"BreadcrumbList\",\"@id\":\"https:\/\/www.domaine-dezat.com\/en\/sancerre-white-silex\/#breadcrumb\",\"itemListElement\":[{\"@type\":\"ListItem\",\"position\":1,\"name\":\"Accueil\",\"item\":\"https:\/\/www.domaine-dezat.com\/en\/\"},{\"@type\":\"ListItem\",\"position\":2,\"name\":\"Sancerre White Silex\"}]},{\"@type\":\"WebSite\",\"@id\":\"https:\/\/www.domaine-dezat.com\/#website\",\"url\":\"https:\/\/www.domaine-dezat.com\/\",\"name\":\"Domaine Dezat\",\"description\":\"Vins de Sancerre\",\"publisher\":{\"@id\":\"https:\/\/www.domaine-dezat.com\/#organization\"},\"potentialAction\":[{\"@type\":\"SearchAction\",\"target\":{\"@type\":\"EntryPoint\",\"urlTemplate\":\"https:\/\/www.domaine-dezat.com\/?s={search_term_string}\"},\"query-input\":{\"@type\":\"PropertyValueSpecification\",\"valueRequired\":true,\"valueName\":\"search_term_string\"}}],\"inLanguage\":\"en-US\"},{\"@type\":\"Organization\",\"@id\":\"https:\/\/www.domaine-dezat.com\/#organization\",\"name\":\"Domaine Dezat\",\"url\":\"https:\/\/www.domaine-dezat.com\/\",\"logo\":{\"@type\":\"ImageObject\",\"inLanguage\":\"en-US\",\"@id\":\"https:\/\/www.domaine-dezat.com\/#\/schema\/logo\/image\/\",\"url\":\"https:\/\/www.domaine-dezat.com\/wp-content\/uploads\/2023\/03\/logo-dezat-02-02.png\",\"contentUrl\":\"https:\/\/www.domaine-dezat.com\/wp-content\/uploads\/2023\/03\/logo-dezat-02-02.png\",\"width\":452,\"height\":559,\"caption\":\"Domaine Dezat\"},\"image\":{\"@id\":\"https:\/\/www.domaine-dezat.com\/#\/schema\/logo\/image\/\"}}]}<\/script>\n<!-- \/ Yoast SEO plugin. -->","yoast_head_json":{"title":"Sancerre White Silex - Domaine Dezat","robots":{"index":"index","follow":"follow","max-snippet":"max-snippet:-1","max-image-preview":"max-image-preview:large","max-video-preview":"max-video-preview:-1"},"canonical":"https:\/\/www.domaine-dezat.com\/en\/sancerre-white-silex\/","og_locale":"en_US","og_type":"article","og_title":"Sancerre White Silex - Domaine Dezat","og_description":"BACK Sauvignon Blanc This single-terroir cuv\u00e9e is made 100% from flint-based soils, the most prized sector in the Sancerre region, on our Crot \u00e0 l&#8217;\u00c2ne plot to the south of Sancerre. Thanks to precise vinification, it offers exactly what we&#8217;re looking for from this terroir: vivacity with wonderful mineral character, that typical &#8216;gun flint&#8217; quality, [&hellip;]","og_url":"https:\/\/www.domaine-dezat.com\/en\/sancerre-white-silex\/","og_site_name":"Domaine Dezat","article_modified_time":"2023-11-03T10:03:01+00:00","og_image":[{"url":"https:\/\/www.domaine-dezat.com\/wp-content\/uploads\/2023\/11\/Sancerre-Silex-scaled-1-684x1024.png","type":"","width":"","height":""}],"twitter_card":"summary_large_image","twitter_misc":{"Est. reading time":"1 minute"},"schema":{"@context":"https:\/\/schema.org","@graph":[{"@type":"WebPage","@id":"https:\/\/www.domaine-dezat.com\/en\/sancerre-white-silex\/","url":"https:\/\/www.domaine-dezat.com\/en\/sancerre-white-silex\/","name":"Sancerre White Silex - Domaine Dezat","isPartOf":{"@id":"https:\/\/www.domaine-dezat.com\/#website"},"primaryImageOfPage":{"@id":"https:\/\/www.domaine-dezat.com\/en\/sancerre-white-silex\/#primaryimage"},"image":{"@id":"https:\/\/www.domaine-dezat.com\/en\/sancerre-white-silex\/#primaryimage"},"thumbnailUrl":"https:\/\/www.domaine-dezat.com\/wp-content\/uploads\/2023\/11\/Sancerre-Silex-scaled-1-684x1024.png","datePublished":"2023-08-18T07:30:10+00:00","dateModified":"2023-11-03T10:03:01+00:00","breadcrumb":{"@id":"https:\/\/www.domaine-dezat.com\/en\/sancerre-white-silex\/#breadcrumb"},"inLanguage":"en-US","potentialAction":[{"@type":"ReadAction","target":["https:\/\/www.domaine-dezat.com\/en\/sancerre-white-silex\/"]}]},{"@type":"ImageObject","inLanguage":"en-US","@id":"https:\/\/www.domaine-dezat.com\/en\/sancerre-white-silex\/#primaryimage","url":"https:\/\/www.domaine-dezat.com\/wp-content\/uploads\/2023\/11\/Sancerre-Silex-scaled-1-684x1024.png","contentUrl":"https:\/\/www.domaine-dezat.com\/wp-content\/uploads\/2023\/11\/Sancerre-Silex-scaled-1-684x1024.png"},{"@type":"BreadcrumbList","@id":"https:\/\/www.domaine-dezat.com\/en\/sancerre-white-silex\/#breadcrumb","itemListElement":[{"@type":"ListItem","position":1,"name":"Accueil","item":"https:\/\/www.domaine-dezat.com\/en\/"},{"@type":"ListItem","position":2,"name":"Sancerre White Silex"}]},{"@type":"WebSite","@id":"https:\/\/www.domaine-dezat.com\/#website","url":"https:\/\/www.domaine-dezat.com\/","name":"Domaine Dezat","description":"Vins de Sancerre","publisher":{"@id":"https:\/\/www.domaine-dezat.com\/#organization"},"potentialAction":[{"@type":"SearchAction","target":{"@type":"EntryPoint","urlTemplate":"https:\/\/www.domaine-dezat.com\/?s={search_term_string}"},"query-input":{"@type":"PropertyValueSpecification","valueRequired":true,"valueName":"search_term_string"}}],"inLanguage":"en-US"},{"@type":"Organization","@id":"https:\/\/www.domaine-dezat.com\/#organization","name":"Domaine Dezat","url":"https:\/\/www.domaine-dezat.com\/","logo":{"@type":"ImageObject","inLanguage":"en-US","@id":"https:\/\/www.domaine-dezat.com\/#\/schema\/logo\/image\/","url":"https:\/\/www.domaine-dezat.com\/wp-content\/uploads\/2023\/03\/logo-dezat-02-02.png","contentUrl":"https:\/\/www.domaine-dezat.com\/wp-content\/uploads\/2023\/03\/logo-dezat-02-02.png","width":452,"height":559,"caption":"Domaine Dezat"},"image":{"@id":"https:\/\/www.domaine-dezat.com\/#\/schema\/logo\/image\/"}}]}},"_links":{"self":[{"href":"https:\/\/www.domaine-dezat.com\/en\/wp-json\/wp\/v2\/pages\/2464","targetHints":{"allow":["GET"]}}],"collection":[{"href":"https:\/\/www.domaine-dezat.com\/en\/wp-json\/wp\/v2\/pages"}],"about":[{"href":"https:\/\/www.domaine-dezat.com\/en\/wp-json\/wp\/v2\/types\/page"}],"author":[{"embeddable":true,"href":"https:\/\/www.domaine-dezat.com\/en\/wp-json\/wp\/v2\/users\/1"}],"replies":[{"embeddable":true,"href":"https:\/\/www.domaine-dezat.com\/en\/wp-json\/wp\/v2\/comments?post=2464"}],"version-history":[{"count":5,"href":"https:\/\/www.domaine-dezat.com\/en\/wp-json\/wp\/v2\/pages\/2464\/revisions"}],"predecessor-version":[{"id":2575,"href":"https:\/\/www.domaine-dezat.com\/en\/wp-json\/wp\/v2\/pages\/2464\/revisions\/2575"}],"wp:attachment":[{"href":"https:\/\/www.domaine-dezat.com\/en\/wp-json\/wp\/v2\/media?parent=2464"}],"curies":[{"name":"wp","href":"https:\/\/api.w.org\/{rel}","templated":true}]}}